{"id":6,"date":"2019-03-04T19:56:09","date_gmt":"2019-03-04T18:56:09","guid":{"rendered":"http:\/\/www.dcm.pl\/delfinkinafali\/wordpress\/?page_id=6"},"modified":"2026-03-10T09:34:50","modified_gmt":"2026-03-10T08:34:50","slug":"6-2","status":"publish","type":"page","link":"https:\/\/delfinkinafali.pl\/","title":{"rendered":"Oferta"},"content":{"rendered":"\t\t<div data-elementor-type=\"wp-page\" data-elementor-id=\"6\" class=\"elementor elementor-6\" data-elementor-settings=\"[]\">\n\t\t\t<div class=\"elementor-inner\">\n\t\t\t\t<div class=\"elementor-section-wrap\">\n\t\t\t\t\t\t\t<section class=\"elementor-element elementor-element-156e27a0 elementor-section-boxed elementor-section-height-default elementor-section-height-default elementor-section elementor-top-section\" data-id=\"156e27a0\" data-element_type=\"section\">\n\t\t\t\t\t\t<div class=\"elementor-container elementor-column-gap-default\">\n\t\t\t\t<div class=\"elementor-row\">\n\t\t\t\t<div class=\"elementor-element elementor-element-2d4c5447 elementor-column elementor-col-100 elementor-top-column\" data-id=\"2d4c5447\" data-element_type=\"column\">\n\t\t\t<div class=\"elementor-column-wrap  elementor-element-populated\">\n\t\t\t\t\t<div class=\"elementor-widget-wrap\">\n\t\t\t\t<div class=\"elementor-element elementor-element-33a7ff53 elementor-widget elementor-widget-text-editor\" data-id=\"33a7ff53\" data-element_type=\"widget\" data-widget_type=\"text-editor.default\">\n\t\t\t\t<div class=\"elementor-widget-container\">\n\t\t\t\t\t<div class=\"elementor-text-editor elementor-clearfix\"><!-- wp:separator {\"opacity\":\"css\",\"className\":\"is-style-wide\"} --><hr class=\"wp-block-separator has-css-opacity is-style-wide\" \/><!-- \/wp:separator --><!-- wp:columns {\"className\":\"has-4-columns\"} -->\n<div class=\"wp-block-columns has-4-columns\"><!-- wp:column -->\n<div class=\"wp-block-column\"><!-- wp:image {\"id\":305,\"linkDestination\":\"custom\"} -->\n<figure class=\"wp-block-image\"><a href=\"http:\/\/www.dcm.pl\/delfinkinafali\/wordpress\/index.php\/2019\/03\/11\/zajecia-indywidualne\/\"><img decoding=\"async\" loading=\"lazy\" width=\"265\" height=\"311\" class=\"wp-image-305\" src=\"http:\/\/www.dcm.pl\/delfinkinafali\/wordpress\/wp-content\/uploads\/2019\/03\/indywidualne.jpg\" alt=\"\" srcset=\"https:\/\/delfinkinafali.pl\/wp-content\/uploads\/2019\/03\/indywidualne.jpg 265w, https:\/\/delfinkinafali.pl\/wp-content\/uploads\/2019\/03\/indywidualne-256x300.jpg 256w, https:\/\/delfinkinafali.pl\/wp-content\/uploads\/2019\/03\/indywidualne-200x235.jpg 200w\" sizes=\"(max-width: 265px) 100vw, 265px\" \/><\/a><\/figure>\n<!-- \/wp:image --><\/div>\n<!-- \/wp:column --><!-- wp:column -->\n<div class=\"wp-block-column\"><!-- wp:image {\"id\":306,\"linkDestination\":\"custom\"} -->\n<figure class=\"wp-block-image\"><a href=\"http:\/\/www.dcm.pl\/delfinkinafali\/wordpress\/index.php\/2019\/03\/11\/zajecia-grupowe\/\"><img decoding=\"async\" loading=\"lazy\" width=\"265\" height=\"311\" class=\"wp-image-306\" src=\"http:\/\/www.dcm.pl\/delfinkinafali\/wordpress\/wp-content\/uploads\/2019\/03\/lekcje_grupowe.jpg\" alt=\"\" srcset=\"https:\/\/delfinkinafali.pl\/wp-content\/uploads\/2019\/03\/lekcje_grupowe.jpg 265w, https:\/\/delfinkinafali.pl\/wp-content\/uploads\/2019\/03\/lekcje_grupowe-256x300.jpg 256w, https:\/\/delfinkinafali.pl\/wp-content\/uploads\/2019\/03\/lekcje_grupowe-200x235.jpg 200w\" sizes=\"(max-width: 265px) 100vw, 265px\" \/><\/a><\/figure>\n<!-- \/wp:image --><\/div>\n<!-- \/wp:column --><!-- wp:column -->\n<div class=\"wp-block-column\"><!-- wp:image {\"id\":308,\"linkDestination\":\"custom\"} -->\n<figure class=\"wp-block-image\"><a href=\"http:\/\/www.dcm.pl\/delfinkinafali\/wordpress\/index.php\/plywaniedlaniemowlat\/\"><img decoding=\"async\" loading=\"lazy\" width=\"265\" height=\"311\" class=\"wp-image-308\" src=\"http:\/\/www.dcm.pl\/delfinkinafali\/wordpress\/wp-content\/uploads\/2019\/03\/plywanie_dla_niemowlat.jpg\" alt=\"\" srcset=\"https:\/\/delfinkinafali.pl\/wp-content\/uploads\/2019\/03\/plywanie_dla_niemowlat.jpg 265w, https:\/\/delfinkinafali.pl\/wp-content\/uploads\/2019\/03\/plywanie_dla_niemowlat-256x300.jpg 256w, https:\/\/delfinkinafali.pl\/wp-content\/uploads\/2019\/03\/plywanie_dla_niemowlat-200x235.jpg 200w\" sizes=\"(max-width: 265px) 100vw, 265px\" \/><\/a><\/figure>\n<!-- \/wp:image --><\/div>\n<!-- \/wp:column --><!-- wp:column -->\n<div class=\"wp-block-column\"><!-- wp:image {\"id\":330,\"linkDestination\":\"custom\"} -->\n<figure class=\"wp-block-image\"><a href=\"http:\/\/www.dcm.pl\/delfinkinafali\/wordpress\/index.php\/2019\/03\/11\/aquaterapia\/\"><img decoding=\"async\" loading=\"lazy\" width=\"265\" height=\"311\" class=\"wp-image-330\" src=\"http:\/\/www.dcm.pl\/delfinkinafali\/wordpress\/wp-content\/uploads\/2019\/03\/aqua-2.jpg\" alt=\"\" srcset=\"https:\/\/delfinkinafali.pl\/wp-content\/uploads\/2019\/03\/aqua-2.jpg 265w, https:\/\/delfinkinafali.pl\/wp-content\/uploads\/2019\/03\/aqua-2-256x300.jpg 256w, https:\/\/delfinkinafali.pl\/wp-content\/uploads\/2019\/03\/aqua-2-200x235.jpg 200w\" sizes=\"(max-width: 265px) 100vw, 265px\" \/><\/a><\/figure>\n<!-- \/wp:image --><\/div>\n<!-- \/wp:column --><\/div>\n<!-- \/wp:columns --><!-- wp:heading {\"level\":3} -->\n<h3 class=\"wp-block-heading\">Aktualno\u015bci<\/h3>\n<!-- \/wp:heading --><!-- wp:separator {\"opacity\":\"css\",\"className\":\"is-style-wide\"} --><hr class=\"wp-block-separator has-css-opacity is-style-wide\" \/><!-- \/wp:separator --><!-- wp:shortcode -->\n<style>.wp-show-posts-columns#wpsp-43 {margin-left: -2em; }.wp-show-posts-columns#wpsp-43 .wp-show-posts-inner {margin: 0 0 2em 2em; }<\/style><section id=\"wpsp-43\" class=\" wp-show-posts-columns wp-show-posts\" style=\"\"><article class=\" wp-show-posts-single post-1297 post type-post status-publish format-standard has-post-thumbnail hentry category-aktualnosci post-item clearfix wpsp-col-4\" itemtype=\"http:\/\/schema.org\/CreativeWork\" itemscope><div class=\"wp-show-posts-inner\" style=\"\">\t\t\t\t\t\t<header class=\"wp-show-posts-entry-header\">\n\t\t\t\t\t\t\t<h2 class=\"wp-show-posts-entry-title\" itemprop=\"headline\"><a href=\"https:\/\/delfinkinafali.pl\/index.php\/2025\/11\/18\/wolne-terminy-2\/\" rel=\"bookmark\">Wolne terminy<\/a><\/h2><div class=\"wp-show-posts-entry-meta wp-show-posts-entry-meta-below-title post-meta-inline\"><span class=\"wp-show-posts-posted-on wp-show-posts-meta\">\n\t\t\t\t\t<a href=\"https:\/\/delfinkinafali.pl\/index.php\/2025\/11\/18\/wolne-terminy-2\/\" title=\"15:52\" rel=\"bookmark\"><time class=\"wp-show-posts-entry-date published\" datetime=\"2025-11-18T15:52:41+01:00\" itemprop=\"datePublished\">18 listopada 2025<\/time><time class=\"wp-show-posts-updated\" datetime=\"2026-04-15T08:54:14+02:00\" itemprop=\"dateModified\">15 kwietnia 2026<\/time><\/a>\n\t\t\t\t<\/span><\/div>\t\t\t\t\t\t<\/header><!-- .entry-header -->\n\t\t\t\t\t\t\t<div class=\"wp-show-posts-image  wpsp-image-center \">\n\t\t\t<a href=\"https:\/\/delfinkinafali.pl\/index.php\/2025\/11\/18\/wolne-terminy-2\/\"  title=\"Wolne terminy\"><img loading=\"lazy\" width=\"800\" height=\"800\" src=\"https:\/\/delfinkinafali.pl\/wp-content\/uploads\/2025\/11\/TERMINY-NA-ODRABIANIE-ZAJEC-INDYWIDUALNCYCH.png\" class=\"attachment-full size-full wp-post-image\" alt=\"\" decoding=\"async\" itemprop=\"image\" srcset=\"https:\/\/delfinkinafali.pl\/wp-content\/uploads\/2025\/11\/TERMINY-NA-ODRABIANIE-ZAJEC-INDYWIDUALNCYCH.png 800w, https:\/\/delfinkinafali.pl\/wp-content\/uploads\/2025\/11\/TERMINY-NA-ODRABIANIE-ZAJEC-INDYWIDUALNCYCH-300x300.png 300w, https:\/\/delfinkinafali.pl\/wp-content\/uploads\/2025\/11\/TERMINY-NA-ODRABIANIE-ZAJEC-INDYWIDUALNCYCH-150x150.png 150w, https:\/\/delfinkinafali.pl\/wp-content\/uploads\/2025\/11\/TERMINY-NA-ODRABIANIE-ZAJEC-INDYWIDUALNCYCH-768x768.png 768w, https:\/\/delfinkinafali.pl\/wp-content\/uploads\/2025\/11\/TERMINY-NA-ODRABIANIE-ZAJEC-INDYWIDUALNCYCH-200x200.png 200w, https:\/\/delfinkinafali.pl\/wp-content\/uploads\/2025\/11\/TERMINY-NA-ODRABIANIE-ZAJEC-INDYWIDUALNCYCH-280x280.png 280w, https:\/\/delfinkinafali.pl\/wp-content\/uploads\/2025\/11\/TERMINY-NA-ODRABIANIE-ZAJEC-INDYWIDUALNCYCH-690x690.png 690w\" sizes=\"(max-width: 800px) 100vw, 800px\" \/><\/a>\t\t<\/div>\n\t\t\t\t\t\t\t\t<div class=\"wp-show-posts-entry-summary\" itemprop=\"text\">\n\t\t\t\t\t\t\t<p>Wolne terminy\u00a0na odrabianie zaj\u0119\u0107 indywidualnych w dn.15.04godz. 13:15 &#8211; Wojtek\u00a0Wolne terminy\u00a0na odrabianie zaj\u0119\u0107 indywidualnych w dn.16.04godz. 16:00 &#8211; Konrad<\/p>\n\t\t\t\t\t\t<\/div><!-- .entry-summary -->\n\t\t\t\t\t<\/div><!-- wp-show-posts-inner --><\/article><article class=\" wp-show-posts-single post-1292 post type-post status-publish format-standard has-post-thumbnail hentry category-aktualnosci post-item clearfix wpsp-col-4\" itemtype=\"http:\/\/schema.org\/CreativeWork\" itemscope><div class=\"wp-show-posts-inner\" style=\"\">\t\t\t\t\t\t<header class=\"wp-show-posts-entry-header\">\n\t\t\t\t\t\t\t<h2 class=\"wp-show-posts-entry-title\" itemprop=\"headline\"><a href=\"https:\/\/delfinkinafali.pl\/index.php\/2025\/09\/10\/nowy-sezon\/\" rel=\"bookmark\">Nowy sezon<\/a><\/h2><div class=\"wp-show-posts-entry-meta wp-show-posts-entry-meta-below-title post-meta-inline\"><span class=\"wp-show-posts-posted-on wp-show-posts-meta\">\n\t\t\t\t\t<a href=\"https:\/\/delfinkinafali.pl\/index.php\/2025\/09\/10\/nowy-sezon\/\" title=\"11:04\" rel=\"bookmark\"><time class=\"wp-show-posts-entry-date published\" datetime=\"2025-09-10T11:04:59+02:00\" itemprop=\"datePublished\">10 wrze\u015bnia 2025<\/time><\/a>\n\t\t\t\t<\/span><\/div>\t\t\t\t\t\t<\/header><!-- .entry-header -->\n\t\t\t\t\t\t\t<div class=\"wp-show-posts-image  wpsp-image-center \">\n\t\t\t<a href=\"https:\/\/delfinkinafali.pl\/index.php\/2025\/09\/10\/nowy-sezon\/\"  title=\"Nowy sezon\"><img loading=\"lazy\" width=\"500\" height=\"500\" src=\"https:\/\/delfinkinafali.pl\/wp-content\/uploads\/2025\/09\/nowy-sezon-kwadrat.png\" class=\"attachment-full size-full wp-post-image\" alt=\"\" decoding=\"async\" itemprop=\"image\" srcset=\"https:\/\/delfinkinafali.pl\/wp-content\/uploads\/2025\/09\/nowy-sezon-kwadrat.png 500w, https:\/\/delfinkinafali.pl\/wp-content\/uploads\/2025\/09\/nowy-sezon-kwadrat-300x300.png 300w, https:\/\/delfinkinafali.pl\/wp-content\/uploads\/2025\/09\/nowy-sezon-kwadrat-150x150.png 150w, https:\/\/delfinkinafali.pl\/wp-content\/uploads\/2025\/09\/nowy-sezon-kwadrat-200x200.png 200w, https:\/\/delfinkinafali.pl\/wp-content\/uploads\/2025\/09\/nowy-sezon-kwadrat-280x280.png 280w\" sizes=\"(max-width: 500px) 100vw, 500px\" \/><\/a>\t\t<\/div>\n\t\t\t\t\t\t\t\t<div class=\"wp-show-posts-entry-summary\" itemprop=\"text\">\n\t\t\t\t\t\t\t<p>Hej Delfinki! Niestety mamy dla Was ma\u0142\u0105 zmian\u0119 w planach\u2026 Remont na basenie troch\u0119 si\u0119 przeci\u0105gn\u0105\u0142 Zabrak\u0142o nam dos\u0142ownie jednego dnia, \u017ceby wszystko dopi\u0105\u0107 na ostatni guzik! Dlatego wskakujemy do&#8230;<\/p>\n\t\t\t\t\t\t<\/div><!-- .entry-summary -->\n\t\t\t\t\t<\/div><!-- wp-show-posts-inner --><\/article><article class=\" wp-show-posts-single post-1274 post type-post status-publish format-standard has-post-thumbnail hentry category-aktualnosci post-item clearfix wpsp-col-4\" itemtype=\"http:\/\/schema.org\/CreativeWork\" itemscope><div class=\"wp-show-posts-inner\" style=\"\">\t\t\t\t\t\t<header class=\"wp-show-posts-entry-header\">\n\t\t\t\t\t\t\t<h2 class=\"wp-show-posts-entry-title\" itemprop=\"headline\"><a href=\"https:\/\/delfinkinafali.pl\/index.php\/2025\/07\/25\/przerwa-wakacyjna-2\/\" rel=\"bookmark\">Wakacje!<\/a><\/h2><div class=\"wp-show-posts-entry-meta wp-show-posts-entry-meta-below-title post-meta-inline\"><span class=\"wp-show-posts-posted-on wp-show-posts-meta\">\n\t\t\t\t\t<a href=\"https:\/\/delfinkinafali.pl\/index.php\/2025\/07\/25\/przerwa-wakacyjna-2\/\" title=\"13:00\" rel=\"bookmark\"><time class=\"wp-show-posts-entry-date published\" datetime=\"2025-07-25T13:00:33+02:00\" itemprop=\"datePublished\">25 lipca 2025<\/time><time class=\"wp-show-posts-updated\" datetime=\"2025-07-25T13:02:43+02:00\" itemprop=\"dateModified\">25 lipca 2025<\/time><\/a>\n\t\t\t\t<\/span><\/div>\t\t\t\t\t\t<\/header><!-- .entry-header -->\n\t\t\t\t\t\t\t<div class=\"wp-show-posts-image  wpsp-image-center \">\n\t\t\t<a href=\"https:\/\/delfinkinafali.pl\/index.php\/2025\/07\/25\/przerwa-wakacyjna-2\/\"  title=\"Wakacje!\"><img loading=\"lazy\" width=\"500\" height=\"500\" src=\"https:\/\/delfinkinafali.pl\/wp-content\/uploads\/2025\/07\/przerwa.png\" class=\"attachment-full size-full wp-post-image\" alt=\"\" decoding=\"async\" itemprop=\"image\" srcset=\"https:\/\/delfinkinafali.pl\/wp-content\/uploads\/2025\/07\/przerwa.png 500w, https:\/\/delfinkinafali.pl\/wp-content\/uploads\/2025\/07\/przerwa-300x300.png 300w, https:\/\/delfinkinafali.pl\/wp-content\/uploads\/2025\/07\/przerwa-150x150.png 150w, https:\/\/delfinkinafali.pl\/wp-content\/uploads\/2025\/07\/przerwa-200x200.png 200w, https:\/\/delfinkinafali.pl\/wp-content\/uploads\/2025\/07\/przerwa-280x280.png 280w\" sizes=\"(max-width: 500px) 100vw, 500px\" \/><\/a>\t\t<\/div>\n\t\t\t\t\t\t\t\t<div class=\"wp-show-posts-entry-summary\" itemprop=\"text\">\n\t\t\t\t\t\t\t<p>Kochani P\u0142ywacy (i Rodzice P\u0142ywak\u00f3w)! Od jutra a\u017c do ko\u0144ca sierpnia nasz basen przechodzi w tryb\u2026 remontowy! Czeka go od\u015bwie\u017cenie, lifting i troch\u0119 zas\u0142u\u017conego relaksu \u2013 bo nawet kafelki potrzebuj\u0105&#8230;<\/p>\n\t\t\t\t\t\t<\/div><!-- .entry-summary -->\n\t\t\t\t\t<\/div><!-- wp-show-posts-inner --><\/article><div class=\"wpsp-clear\"><\/div><\/section><!-- .wp-show-posts -->\n<!-- \/wp:shortcode --><!-- wp:columns {\"className\":\"has-2-columns\"} -->\n<div class=\"wp-block-columns has-2-columns\"><!-- wp:column -->\n<div class=\"wp-block-column\"><!-- wp:separator {\"opacity\":\"css\",\"className\":\"is-style-wide\"} --><hr class=\"wp-block-separator has-css-opacity is-style-wide\" \/><!-- \/wp:separator --><!-- wp:heading {\"level\":3} -->\n<h3 class=\"wp-block-heading\">Grafik zaj\u0119\u0107<\/h3>\n<!-- \/wp:heading --><!-- wp:image {\"id\":323,\"linkDestination\":\"custom\"} -->\n<figure class=\"wp-block-image\"><a href=\"http:\/\/www.dcm.pl\/delfinkinafali\/wordpress\/index.php\/grafik-zajec\/\"><img decoding=\"async\" loading=\"lazy\" width=\"543\" height=\"234\" class=\"wp-image-323\" src=\"http:\/\/www.dcm.pl\/delfinkinafali\/wordpress\/wp-content\/uploads\/2019\/03\/grafik-1.jpg\" alt=\"\" srcset=\"https:\/\/delfinkinafali.pl\/wp-content\/uploads\/2019\/03\/grafik-1.jpg 543w, https:\/\/delfinkinafali.pl\/wp-content\/uploads\/2019\/03\/grafik-1-300x129.jpg 300w, https:\/\/delfinkinafali.pl\/wp-content\/uploads\/2019\/03\/grafik-1-200x86.jpg 200w\" sizes=\"(max-width: 543px) 100vw, 543px\" \/><\/a><\/figure>\n<!-- \/wp:image --><!-- wp:paragraph -->\n<p>\u00a0<\/p>\n<!-- \/wp:paragraph --><\/div>\n<!-- \/wp:column --><!-- wp:column -->\n<div class=\"wp-block-column\"><!-- wp:separator {\"opacity\":\"css\",\"className\":\"is-style-wide\"} --><hr class=\"wp-block-separator has-css-opacity is-style-wide\" \/><!-- \/wp:separator --><!-- wp:heading {\"level\":3} -->\n<h3 class=\"wp-block-heading\">Nasi przyjaciele<\/h3>\n<!-- \/wp:heading --><!-- wp:media-text {\"mediaId\":102,\"mediaType\":\"image\",\"mediaWidth\":23} -->\n<div class=\"wp-block-media-text alignwide\" style=\"grid-template-columns: 23% auto;\">\n<figure class=\"wp-block-media-text__media\"><\/figure>\n<div class=\"wp-block-media-text__content\"><!-- wp:paragraph {\"placeholder\":\"Tre\u015b\u0107...\",\"customFontSize\":11} -->\n<p style=\"font-size: 11px;\"><strong>Przedszkole Delfinek w Sulej\u00f3wku wyr\u00f3\u017cnia wykwalifikowana kadra, niepowtarzalna atmosfera oraz ogromny plac zabaw, kt\u00f3rego \u00a0powierzchnia wynosi ok. 4000m2! Zaj\u0119cia rekreacyjne w takim miejscu to dla naszych pociech niesamowita frajda!<\/strong><\/p>\n<!-- \/wp:paragraph --><\/div>\n<\/div>\n<!-- \/wp:media-text --><!-- wp:separator {\"opacity\":\"css\"} --><hr class=\"wp-block-separator has-css-opacity\" \/><!-- \/wp:separator --><!-- wp:media-text {\"mediaId\":105,\"mediaType\":\"image\",\"mediaWidth\":24} -->\n<div class=\"wp-block-media-text alignwide\" style=\"grid-template-columns: 24% auto;\">\n<figure class=\"wp-block-media-text__media\"><img decoding=\"async\" loading=\"lazy\" width=\"859\" height=\"186\" class=\"wp-image-105\" src=\"http:\/\/www.dcm.pl\/delfinkinafali\/wordpress\/wp-content\/uploads\/2019\/03\/Artboard-1@3x2-1.png\" alt=\"\" srcset=\"https:\/\/delfinkinafali.pl\/wp-content\/uploads\/2019\/03\/Artboard-1@3x2-1.png 859w, https:\/\/delfinkinafali.pl\/wp-content\/uploads\/2019\/03\/Artboard-1@3x2-1-300x65.png 300w, https:\/\/delfinkinafali.pl\/wp-content\/uploads\/2019\/03\/Artboard-1@3x2-1-768x166.png 768w, https:\/\/delfinkinafali.pl\/wp-content\/uploads\/2019\/03\/Artboard-1@3x2-1-200x43.png 200w, https:\/\/delfinkinafali.pl\/wp-content\/uploads\/2019\/03\/Artboard-1@3x2-1-690x149.png 690w\" sizes=\"(max-width: 859px) 100vw, 859px\" \/><\/figure>\n<div class=\"wp-block-media-text__content\"><!-- wp:paragraph {\"placeholder\":\"Tre\u015b\u0107...\",\"customFontSize\":11} -->\n<p style=\"font-size: 11px;\"><strong>To co wyr\u00f3\u017cnia zesp\u00f3\u0142 Poradni Fontanna, poza wiedz\u0105 i do\u015bwiadczeniem, to warto\u015bci jakimi si\u0119 kierujemy w pracy z ma\u0142ymi pacjentami. Empatia, otwarto\u015b\u0107 na innych, cierpliwo\u015b\u0107 oraz ch\u0119\u0107 niesienia pomocy, zar\u00f3wno Dzieciom jak i Rodzicom, pomaga wspiera\u0107 nam rozw\u00f3j ju\u017c od najwcze\u015bniejszych lat.<\/strong><\/p>\n<!-- \/wp:paragraph --><\/div>\n<\/div>\n<!-- \/wp:media-text --><!-- wp:paragraph -->\n<p>\u00a0<\/p>\n<!-- \/wp:paragraph --><\/div>\n<!-- \/wp:column --><\/div>\n<!-- \/wp:columns --><!-- wp:paragraph -->\n<p>\u00a0<\/p>\n<!-- \/wp:paragraph --><\/div>\n\t\t\t\t<\/div>\n\t\t\t\t<\/div>\n\t\t\t\t\t\t<\/div>\n\t\t\t<\/div>\n\t\t<\/div>\n\t\t\t\t\t\t<\/div>\n\t\t\t<\/div>\n\t\t<\/section>\n\t\t\t\t\t\t<\/div>\n\t\t\t<\/div>\n\t\t<\/div>\n\t\t","protected":false},"excerpt":{"rendered":"<p>Aktualno\u015bci Grafik zaj\u0119\u0107 \u00a0 Nasi przyjaciele Przedszkole Delfinek w Sulej\u00f3wku wyr\u00f3\u017cnia wykwalifikowana kadra, niepowtarzalna atmosfera oraz ogromny plac zabaw, kt\u00f3rego&nbsp;[&hellip;]<\/p>\n","protected":false},"author":1,"featured_media":39,"parent":2,"menu_order":0,"comment_status":"closed","ping_status":"closed","template":"page-templates\/template_fullwidth.php","meta":{"ngg_post_thumbnail":0,"footnotes":""},"_links":{"self":[{"href":"https:\/\/delfinkinafali.pl\/index.php\/wp-json\/wp\/v2\/pages\/6"}],"collection":[{"href":"https:\/\/delfinkinafali.pl\/index.php\/wp-json\/wp\/v2\/pages"}],"about":[{"href":"https:\/\/delfinkinafali.pl\/index.php\/wp-json\/wp\/v2\/types\/page"}],"author":[{"embeddable":true,"href":"https:\/\/delfinkinafali.pl\/index.php\/wp-json\/wp\/v2\/users\/1"}],"replies":[{"embeddable":true,"href":"https:\/\/delfinkinafali.pl\/index.php\/wp-json\/wp\/v2\/comments?post=6"}],"version-history":[{"count":58,"href":"https:\/\/delfinkinafali.pl\/index.php\/wp-json\/wp\/v2\/pages\/6\/revisions"}],"predecessor-version":[{"id":1350,"href":"https:\/\/delfinkinafali.pl\/index.php\/wp-json\/wp\/v2\/pages\/6\/revisions\/1350"}],"up":[{"embeddable":true,"href":"https:\/\/delfinkinafali.pl\/index.php\/wp-json\/wp\/v2\/pages\/2"}],"wp:featuredmedia":[{"embeddable":true,"href":"https:\/\/delfinkinafali.pl\/index.php\/wp-json\/wp\/v2\/media\/39"}],"wp:attachment":[{"href":"https:\/\/delfinkinafali.pl\/index.php\/wp-json\/wp\/v2\/media?parent=6"}],"curies":[{"name":"wp","href":"https:\/\/api.w.org\/{rel}","templated":true}]}}