{"id":54,"date":"2019-03-05T18:33:46","date_gmt":"2019-03-05T17:33:46","guid":{"rendered":"http:\/\/www.dcm.pl\/delfinkinafali\/wordpress\/?page_id=54"},"modified":"2025-01-02T13:23:01","modified_gmt":"2025-01-02T12:23:01","slug":"kontakt","status":"publish","type":"page","link":"https:\/\/delfinkinafali.pl\/index.php\/kontakt\/","title":{"rendered":"KONTAKT"},"content":{"rendered":"\n<div class=\"wp-block-advgb-container advgb-blocks-container\">\n<div class=\"wp-block-columns has-2-columns is-layout-flex wp-container-3 wp-block-columns-is-layout-flex\">\n<div class=\"wp-block-column is-layout-flow wp-block-column-is-layout-flow\"><div role=\"form\" class=\"wpcf7\" id=\"wpcf7-f216-o1\" lang=\"pl-PL\" dir=\"ltr\">\n<div class=\"screen-reader-response\"><\/div>\n<form action=\"\/index.php\/wp-json\/wp\/v2\/pages\/54#wpcf7-f216-o1\" method=\"post\" class=\"wpcf7-form\" novalidate=\"novalidate\">\n<div style=\"display: none;\">\n<input type=\"hidden\" name=\"_wpcf7\" value=\"216\" \/>\n<input type=\"hidden\" name=\"_wpcf7_version\" value=\"5.1.1\" \/>\n<input type=\"hidden\" name=\"_wpcf7_locale\" value=\"pl_PL\" \/>\n<input type=\"hidden\" name=\"_wpcf7_unit_tag\" value=\"wpcf7-f216-o1\" \/>\n<input type=\"hidden\" name=\"_wpcf7_container_post\" value=\"0\" \/>\n<input type=\"hidden\" name=\"g-recaptcha-response\" value=\"\" \/>\n<\/div>\n<p><label> Imi\u0119 i nazwisko (wymagane)<br \/>\n    <span class=\"wpcf7-form-control-wrap your-name\"><input type=\"text\" name=\"your-name\" value=\"\" size=\"40\" class=\"wpcf7-form-control wpcf7-text wpcf7-validates-as-required\" aria-required=\"true\" aria-invalid=\"false\" \/><\/span> <\/label><\/p>\n<p><label> Adres email (wymagane)<br \/>\n    <span class=\"wpcf7-form-control-wrap your-email\"><input type=\"email\" name=\"your-email\" value=\"\" size=\"40\" class=\"wpcf7-form-control wpcf7-text wpcf7-email wpcf7-validates-as-required wpcf7-validates-as-email\" aria-required=\"true\" aria-invalid=\"false\" \/><\/span> <\/label><\/p>\n<p><label> Temat<br \/>\n    <span class=\"wpcf7-form-control-wrap your-subject\"><input type=\"text\" name=\"your-subject\" value=\"\" size=\"40\" class=\"wpcf7-form-control wpcf7-text\" aria-invalid=\"false\" \/><\/span> <\/label><\/p>\n<p><label> Tre\u015b\u0107 wiadomo\u015bci<br \/>\n    <span class=\"wpcf7-form-control-wrap your-message\"><textarea name=\"your-message\" cols=\"40\" rows=\"10\" class=\"wpcf7-form-control wpcf7-textarea\" aria-invalid=\"false\"><\/textarea><\/span> <\/label><\/p>\n<p><input type=\"submit\" value=\"Wy\u015blij\" class=\"wpcf7-form-control wpcf7-submit\" \/><\/p>\n<div class=\"wpcf7-response-output wpcf7-display-none\"><\/div><\/form><\/div>\n<\/div>\n\n\n\n<div class=\"wp-block-column is-layout-flow wp-block-column-is-layout-flow\">\n<p class=\"has-large-font-size\"> Dane kontaktowe:<\/p>\n\n\n\n<p>ecrir@ecrir.pl  <br>ul. Drobiarska 56, 05-070 Sulej\u00f3wek  <br><strong>tel. 604 712 324  czynny pon. &#8211; pt. w godz:<\/strong><\/p>\n\n\n\n<p>poniedzia\u0142ek i \u015broda: 10:00 &#8211; 17:00<\/p>\n\n\n\n<p>wtorek, czwartek i pi\u0105tek: 8:00 &#8211; 16:00<\/p>\n\n\n\n<p class=\"has-vivid-red-color has-text-color\"><strong>Aby odwo\u0142a\u0107 zaj\u0119cia prosimy o wiadomo\u015b\u0107 SMS<\/strong><\/p>\n\n\n\n<p><strong><br><\/strong>numer konta: 75 1140 2004 0000 3702 8542 3692<\/p>\n\n\n\n<figure><iframe loading=\"lazy\" src=\"https:\/\/www.google.com\/maps\/embed?pb=!1m18!1m12!1m3!1d2443.6230976064453!2d21.25160135164697!3d52.23206507966128!2m3!1f0!2f0!3f0!3m2!1i1024!2i768!4f13.1!3m3!1m2!1s0x471ed342b248e6c1%3A0x89ab436b410779ac!2sDelfinki+na+Fali*21!5e0!3m2!1spl!2spl!4v1552567287065\" width=\"600\" height=\"450\" allowfullscreen=\"\"><\/iframe><\/figure>\n<\/div>\n<\/div>\n<\/div>\n","protected":false},"excerpt":{"rendered":"","protected":false},"author":1,"featured_media":0,"parent":0,"menu_order":0,"comment_status":"closed","ping_status":"closed","template":"page-templates\/template_fullwidth.php","meta":{"ngg_post_thumbnail":0,"footnotes":""},"_links":{"self":[{"href":"https:\/\/delfinkinafali.pl\/index.php\/wp-json\/wp\/v2\/pages\/54"}],"collection":[{"href":"https:\/\/delfinkinafali.pl\/index.php\/wp-json\/wp\/v2\/pages"}],"about":[{"href":"https:\/\/delfinkinafali.pl\/index.php\/wp-json\/wp\/v2\/types\/page"}],"author":[{"embeddable":true,"href":"https:\/\/delfinkinafali.pl\/index.php\/wp-json\/wp\/v2\/users\/1"}],"replies":[{"embeddable":true,"href":"https:\/\/delfinkinafali.pl\/index.php\/wp-json\/wp\/v2\/comments?post=54"}],"version-history":[{"count":12,"href":"https:\/\/delfinkinafali.pl\/index.php\/wp-json\/wp\/v2\/pages\/54\/revisions"}],"predecessor-version":[{"id":1211,"href":"https:\/\/delfinkinafali.pl\/index.php\/wp-json\/wp\/v2\/pages\/54\/revisions\/1211"}],"wp:attachment":[{"href":"https:\/\/delfinkinafali.pl\/index.php\/wp-json\/wp\/v2\/media?parent=54"}],"curies":[{"name":"wp","href":"https:\/\/api.w.org\/{rel}","templated":true}]}}