{"id":52,"date":"2019-03-05T18:33:46","date_gmt":"2019-03-05T17:33:46","guid":{"rendered":"http:\/\/www.dcm.pl\/delfinkinafali\/wordpress\/?page_id=52"},"modified":"2025-08-11T13:27:48","modified_gmt":"2025-08-11T11:27:48","slug":"regulaminy","status":"publish","type":"page","link":"https:\/\/delfinkinafali.pl\/index.php\/regulaminy\/","title":{"rendered":"REGULAMINY"},"content":{"rendered":"\t\t<div data-elementor-type=\"wp-page\" data-elementor-id=\"52\" class=\"elementor elementor-52\" data-elementor-settings=\"[]\">\n\t\t\t<div class=\"elementor-inner\">\n\t\t\t\t<div class=\"elementor-section-wrap\">\n\t\t\t\t\t\t\t<section class=\"elementor-element elementor-element-3a34fbf3 elementor-section-boxed elementor-section-height-default elementor-section-height-default elementor-section elementor-top-section\" data-id=\"3a34fbf3\" data-element_type=\"section\">\n\t\t\t\t\t\t<div class=\"elementor-container elementor-column-gap-default\">\n\t\t\t\t<div class=\"elementor-row\">\n\t\t\t\t<div class=\"elementor-element elementor-element-6d81d245 elementor-column elementor-col-100 elementor-top-column\" data-id=\"6d81d245\" data-element_type=\"column\">\n\t\t\t<div class=\"elementor-column-wrap  elementor-element-populated\">\n\t\t\t\t\t<div class=\"elementor-widget-wrap\">\n\t\t\t\t<div class=\"elementor-element elementor-element-515b5d67 elementor-widget elementor-widget-text-editor\" data-id=\"515b5d67\" data-element_type=\"widget\" data-widget_type=\"text-editor.default\">\n\t\t\t\t<div class=\"elementor-widget-container\">\n\t\t\t\t\t<div class=\"elementor-text-editor elementor-clearfix\"><p><b>1. POSTANOWIENIA OG\u00d3LNE<\/b><\/p><p>1.1 Organizatorem Szko\u0142y P\u0142ywania \u201cDelfinki na Fali\u201d, zwanej dalej Szko\u0142\u0105 P\u0142ywania, jest Europejskie Centrum Rozwoju i Rehabilitacji Sp. z o.o., ul. Drobiarska 56, 05-070 Sulej\u00f3wek, NIP: 8222412931, REGON: 540316647, wpisana do Centralnej Ewidencji i Informacji o Dzia\u0142alno\u015bci Gospodarczej, zwana dalej Organizatorem.<\/p><p>1.2 Regulamin Szko\u0142y P\u0142ywania \u201cDelfinki na Fali\u201d, zwany dalej Regulaminem, ma na celu usystematyzowania zasad organizacji zaj\u0119\u0107 nauki p\u0142ywania, oferowanych przez Szko\u0142\u0119P\u0142ywania.<\/p><p>1.3 Aktualn\u0105 ofert\u0119 Szko\u0142y P\u0142ywania zawiera strona internetowa www.delfinkinafali.pl, zwana dalej Stron\u0105 Internetow\u0105.<\/p><p><b>2. WARUNKI UCZESTNICTWA<\/b><\/p><p>2.1 Akceptacja niniejszego regulaminu. Uczestnik lub opiekun o\u015bwiadcza, i\u017c zapozna\u0142 si\u0119 z jego tre\u015bci\u0105, zrozumia\u0142 j\u0105 i zobowi\u0105zuje si\u0119 do przestrzegania jego postanowie\u0144.<\/p><p>2.2 Udzia\u0142 w zaj\u0119ciach jest jednoznaczny z akceptacj\u0105 niniejszego regulaminu.<\/p><p>2.3 Brak przeciwwskaza\u0144 zdrowotnych do udzia\u0142u w kursie i do podj\u0119cia aktywno\u015bci fizycznej. Ka\u017cdy uczestnik w razie w\u0105tpliwo\u015bci we w\u0142asnym zakresie powinien skonsultowa\u0107 si\u0119 z lekarzem.<\/p><p>2.4 Op\u0142acenie kursu.<\/p><p>2.5 Potwierdzenie przez Organizatora rezerwacji termin\u00f3w zaj\u0119\u0107.<\/p><p>2.6 Zapoznanie si\u0119 i przestrzeganie przez Uczestnika\/Opiekuna regulaminu p\u0142ywalni.<\/p><p>\u00a0<\/p><p><b>3. ZAPISY NA ZAJ\u0118CIA<\/b><\/p><p>3.1 Rezerwacja miejsca w grupie obowi\u0105zuje do ko\u0144ca aktualnego roku szkolnego. Aktualne terminy rozpocz\u0119cia\/zako\u0144czeniaroku szkolnego podane s\u0105 na stronie www.delfinkinafali.pl w zak\u0142adce &#8222;aktualno\u015bci&#8221;.<\/p><p>3.2 Zg\u0142oszenia Uczestnika na zaj\u0119cia nale\u017cy dokona\u0107 za pomoc\u0105 formularza zg\u0142oszeniowego na stronie www.delfinkinafali.pl<\/p><p>3.3 Po ustaleniu z Organizatorem terminu zaj\u0119\u0107 uczestnik\/opiekun otrzyma na sw\u00f3j adres mailowy zaproszenie do panelu Active Now. Od ka\u017cdego uczestnika\/opiekuna wymagana jest rejestracja oraz ustawienie has\u0142a do Panelu klienta. Mail oraz has\u0142o b\u0119d\u0105 potrzebne do logowania w panelu Active.<\/p><p>3.4 O zapisach do Szko\u0142y P\u0142ywania decyduje kolejno\u015b\u0107 zg\u0142osze\u0144 potwierdzona wp\u0142atami. . W przypadku braku miejsc uczestnik zostaje wpisany na list\u0119 rezerwow\u0105.<\/p><p>\u00a0<\/p><p><b>4. P\u0141ATNO\u015aCI<\/b><\/p><p>4.1 Aktualny cennik zaj\u0119\u0107 dost\u0119pny jest na stronie internetowej: www.delfinkinafali.pl<\/p><p>4.2 Uczestnik\/opiekun zobowi\u0105zany jest do dokonywania op\u0142at z g\u00f3ry za ka\u017cdy miesi\u0105c do 5. dnia danego miesi\u0105ca.<\/p><p>4.3 Uczestnik\/opiekun dokonuje p\u0142atno\u015bci w systemie ActiveNow. W celu prawid\u0142owego korzystania z systemu i innych oferowanych przez Us\u0142ugodawc\u0119 us\u0142ug konieczne jest spe\u0142nienie nast\u0119puj\u0105cych warunk\u00f3w technicznych:<\/p><p>&#8211; posiadanie dost\u0119pu do sieci Internet<\/p><p>&#8211; posiadanie przegl\u0105darki internetowej umo\u017cliwiaj\u0105cej korzystanie z panelu rezerwacji<\/p><p>&#8211; posiadanie aktywnego konta e-mail<\/p><p>Us\u0142ugodawca nie gwarantuje niezak\u0142\u00f3conego i wolnego od b\u0142\u0119d\u00f3w dost\u0119pu do Strony. W szczeg\u00f3lno\u015bci dost\u0119p do Strony mo\u017ce zosta\u0107 ograniczony w zwi\u0105zku z konieczno\u015bci\u0105 przeprowadzenia jej napraw, konserwacji oraz nowych rozwi\u0105za\u0144.<\/p><p>4.4 W indywidualnych przypadkach Organizator umo\u017cliwia p\u0142atno\u015b\u0107 przelewem lub got\u00f3wk\u0105. Wszelkie dane potrzebne do wykonania przelewu znajduj\u0105 si\u0119 na stronie internetowej www.delfinkinafali.pl w zak\u0142adce \u201ckontakt\u201d.<\/p><p>\u00a0<\/p><p><b>5. PROWADZENIE ZAJ\u0118\u0106<\/b><\/p><p>5.1 Obowi\u0105zuj\u0105cym strojem na zaj\u0119ciach jest: czepek k\u0105pielowy, zmienione czyste obuwie basenowe. Dla dziewczynek &#8211; jednocz\u0119\u015bciowy kostium k\u0105pielowy, dla ch\u0142opc\u00f3w &#8211; k\u0105piel\u00f3wki \u015bci\u015ble przylegaj\u0105ce do cia\u0142a, bez kieszeni. Dzieci do lat 3 oraz niekontroluj\u0105ce potrzeb fizjologicznych (w tym dzieci z orzeczeniem o niepe\u0142nosprawno\u015bci lub z opini\u0105 o WWR) mog\u0105 przebywa\u0107 w wodzie w specjalnej pielusze do p\u0142ywania oraz za\u0142o\u017conymi na ni\u0105 specjalnymi majtkami neopronowymi ze \u015bcis\u0142ymi nogawkami.<\/p><p>5.2 Organizator odpowiada za uczestnik\u00f3w kursu tylko w trakcie trwania zaj\u0119\u0107. Przed lekcj\u0105 i po jej zako\u0144czeniu za dzieci odpowiadaj\u0105 rodzice (opiekunowie).<\/p><p>5.3 W momencie niezebrania si\u0119 wystarczaj\u0105cej ilo\u015bci uczestnik\u00f3w w danej grupie lub zmniejszenia si\u0119 liczebno\u015bci grupy do trzech lub mniej uczestnik\u00f3w, Organizator zastrzega sobie prawo do rozwi\u0105zania grupy i znalezienia dogodnych termin\u00f3w zast\u0119pczych dla pozosta\u0142ych uczestnik\u00f3w.<\/p><p>5.4 Organizator lub instruktor mo\u017ce w trakcie semestru zdecydowa\u0107 o przeniesieniu Uczestnika do innej grupy zgodnej z jego poziomem umiej\u0119tno\u015bci.<\/p><p>5.5 Ka\u017cdy z uczestnik\u00f3w zaj\u0119\u0107 ma obowi\u0105zek wykonywa\u0107 polecenia instruktora i ratownika.<\/p><p>5.6 Zaj\u0119cia odbywaj\u0105 si\u0119 wed\u0142ug wcze\u015bniej ustalonego harmonogramu.<\/p><p>5.7 Europejskie Centrum Rozwoju i Rehabilitacji zastrzega sobie prawo do zmiany trenera.<\/p><p>5.8 Na basenie przebywaj\u0105 jedynie Dzieci, kt\u00f3re aktualnie bior\u0105 udzia\u0142 w zaj\u0119ciach. Dzieci oczekuj\u0105ce na swoje zaj\u0119cia nie wchodz\u0105 na p\u0142yt\u0119 basenu. Rodzice\/Opiekunowie przebywaj\u0105 na p\u0142ycie basenu jedynie do momentu przebrania i przekazania Dziecka pod opiek\u0119 instruktora.<\/p><p>5.9 Rodzic mo\u017ce by\u0107 obecny na zaj\u0119ciach jedynie w wyj\u0105tkowych sytuacjach, za zgod\u0105 koordynatora obiektu.<\/p><p>\u00a0<\/p><p><b>6. NIEOBECNO\u015aCI, ODWO\u0141YWANIE I ODRABIANIE ZAJ\u0118\u0106<\/b><\/p><p>6.1 W przypadku odwo\u0142ania zaj\u0119\u0107 przez Organizatora w wyniku dzia\u0142ania si\u0142y wy\u017cszej (pogody, awarii obiektu, braku pr\u0105du itp.), zaj\u0119cia zostan\u0105 odrobione w najbli\u017cszym mo\u017cliwym terminie lub te\u017c zostanie pomniejszona op\u0142ata za kolejny miesi\u0105c.<\/p><p>6.2 Skr\u00f3cenie czasu trwania zaj\u0119\u0107 spowodowane p\u00f3\u017aniejszym przybyciem uczestnika nie powoduje obni\u017cenia op\u0142at, ani wyd\u0142u\u017cenia zaj\u0119\u0107.<\/p><p>6.3 W przypadku nieobecno\u015bci na zaj\u0119ciach w ramach Kursu op\u0142ata nie podlega zwrotowi. Istnieje mo\u017cliwo\u015b\u0107 odrobienia nieobecno\u015bci na zaj\u0119ciach przed uprzednim zg\u0142oszeniem jej za po\u015brednictwem systemu ActiveNow minimum 12 godzin przed rozpocz\u0119ciem planowych zaj\u0119\u0107.<\/p><p>6.4 Terminy odrabiania zaj\u0119\u0107 mo\u017cna zarezerwowa\u0107 samodzielnie w systemie ActiveNow lub uzgodni\u0107 je telefonicznie (604 712 324) w przypadku w\u0105tpliwo\u015bci co do poziomu zaawansowania grupy lub braku propozycji w systemie.<\/p><p>6.5 Zapisu na odrobienie zg\u0142oszonej uprzednio nieobecno\u015bci mo\u017cna dokona\u0107 wy\u0142\u0105cznie w trakcie trwania kursu, pod warunkiem dost\u0119pno\u015bci miejsc. Zaj\u0119cia mo\u017cna odrobi\u0107 w terminie max. 30 dni od dnia zg\u0142oszenia nieobecno\u015bci.<\/p><p>6.6 Zaakceptowanie terminu odrabiania zaj\u0119\u0107 jest r\u00f3wnoznaczne z odrobieniem danej nieobecno\u015bci &#8211; um\u00f3wiony termin odrabiania jest terminem ostatecznym.<\/p><p>6.7 W przypadku zalegania z p\u0142atno\u015bci\u0105, mo\u017cliwo\u015b\u0107 odrabiania zaj\u0119\u0107 zostaje wstrzymana do czasu uregulowania zaleg\u0142o\u015bci.<\/p><p>6.8 W przypadku podw\u00f3jnych zaj\u0119\u0107 indywidualnych, nieobecno\u015b\u0107 jednego z uczestnik\u00f3w jest mo\u017cliwa do odrobienia na podw\u00f3jnych lekcjach indywidualnych lub te\u017c na zaj\u0119ciach grupowych.<\/p><p>6.9 W przypadku nieobecno\u015bci spowodowanej chorob\u0105 i trwaj\u0105cej powy\u017cej 30-stu bezpo\u015brednio nast\u0119puj\u0105cych po sobie dni jest mo\u017cliwo\u015b\u0107 zawieszenia op\u0142at. Stosowny wniosek nale\u017cy z\u0142o\u017cy\u0107 pisemnie lub mailowo do Szk\u00f3\u0142ki (obowi\u0105zuje za\u015bwiadczenie lekarskie). Wniosek nale\u017cy z\u0142o\u017cy\u0107 do 5-ciu dni od daty rozpocz\u0119cia zwolnienia lekarskiego. Podania o cz\u0119\u015bciowe zwolnienie z p\u0142atno\u015bci za kr\u00f3tszy okres nieobecno\u015bci, z przyczyn innych ni\u017c choroba oraz po terminie nie b\u0119d\u0105 rozpatrywane.<\/p><p>6.10 Uczestnikowi przys\u0142uguje prawo do zako\u0144czenia zaj\u0119\u0107 cyklicznych z zachowaniem 1-miesi\u0119cznego okresu wypowiedzenia. Rezygnacja z kursu mo\u017ce nast\u0105pi\u0107 w formie pisemnej lub drog\u0105 e-mailow\u0105.<\/p><p>\u00a0<\/p><p><b>7. BEZPIECZE\u0143STWO<\/b><\/p><p>7.1 Uczestnicy zobowi\u0105zani s\u0105 do:<\/p><p>&#8211; stosowania si\u0119 do znak\u00f3w, polece\u0144 oraz sygna\u0142\u00f3w d\u017awi\u0119kowych instruktor\u00f3w i obs\u0142ugi danego basenu,<\/p><p>&#8211; korzystania z basenu i urz\u0105dze\u0144 z uwzgl\u0119dnieniem w\u0142asnych umiej\u0119tno\u015bci i sprawno\u015bci oraz stanu zdrowia,<\/p><p>&#8211; zachowania szczeg\u00f3lnej ostro\u017cno\u015bci na schodach, przej\u015bciach i podestach, zw\u0142aszcza\u00a0 mokrych,<\/p><p>&#8211; u\u017cytkowania wyznaczonego sprz\u0119tu basenowego zgodnie z jego przeznaczeniem, a po skorzystaniu ze sprz\u0119tu odniesienie go w wyznaczone miejsce,<\/p><p>&#8211; bezzw\u0142ocznego informowania instruktora o zaistnia\u0142ym wypadku, urazach oraz innych zdarzeniach mog\u0105cych mie\u0107 wp\u0142yw na bezpiecze\u0144stwo w\u0142asne i innych os\u00f3b.<\/p><p>7.2 Szko\u0142a ma prawo do natychmiastowego zako\u0144czenia wsp\u00f3\u0142pracy z kursantem oraz skre\u015blenia go z listy kursant\u00f3w w przypadku:<\/p><p>&#8211; negatywnego oraz naruszaj\u0105cego zasady wsp\u00f3\u0142\u017cycia spo\u0142ecznego zachowania kursanta wzgl\u0119dem instruktorki\/instruktora szko\u0142y lub innych os\u00f3b znajduj\u0105cych si\u0119 na basenie,<\/p><p>&#8211; naruszania regulaminu szko\u0142y oraz regulaminu basenu, na kt\u00f3rym odbywaj\u0105 si\u0119 lekcje,<\/p><p>&#8211; nieop\u0142acenia zaj\u0119\u0107 w wymaganym terminie<\/p><p>&#8211; odwo\u0142ywania zaj\u0119\u0107 w spos\u00f3b powtarzaj\u0105cy si\u0119 (co najmniej 4 kolejne zaj\u0119cia) albo<\/p><p>powtarzaj\u0105cego si\u0119 odwo\u0142ywania zaj\u0119\u0107 utrudniaj\u0105cego dzia\u0142anie szko\u0142y i organizowanie zaj\u0119\u0107.<\/p><p>\u00a0<\/p><p><b>8. POST\u0118POWANIE REKLAMACYJNE<\/b><\/p><p>Uczestnik ma prawo do sk\u0142adania reklamacji zgodnie z w\u0142a\u015bciwymi przepisami Kodeksu cywilnego. Reklamacje nale\u017cy sk\u0142ada\u0107 Organizatorowi pisemnie lub osobi\u015bcie, telefonicznie lub za po\u015brednictwem poczty elektronicznej, na adres Organizatora podany na stronie internetowej www.delfinkinafali.pl. Wszelkie kwestie sporne ostatecznie b\u0119d\u0105 rozpatrywane przez Dzia\u0142Obs\u0142ugi Klienta (adres email: ecrir@ecrir.pl), numer telefonu 604 712 324 lub 539 112 233 (czynny w godz. 09:00\u201316:00, od poniedzia\u0142ku do pi\u0105tku). Organizator rozpatrzy reklamacj\u0119 i zawiadomi Uczestnika o sposobie jej za\u0142atwienia nie p\u00f3\u017aniej ni\u017c w terminie 14 dni od daty jej otrzymania. Odpowied\u017a na reklamacj\u0119 Organizator przeka\u017ce drog\u0105 elektroniczn\u0105 lub na papierze w zale\u017cno\u015bci od ustale\u0144 z Uczestnikiem. Organizator nie udziela gwarancji na Zaj\u0119cia w rozumieniu Kodeksu cywilnego.<\/p><p>\u00a0<\/p><p><b>10. POLITYKA PRYWATNO\u015aCI<\/b><\/p><p>Uczestnik lub jego rodzic\/opiekun prawny wyra\u017ca zgod\u0119 na gromadzenie i przetwarzanie swoich danych osobowych tylko i wy\u0142\u0105cznie na u\u017cytek Szko\u0142y zgodnie z art. 6 ust. 1 lit. a Rozporz\u0105dzenia Parlamentu Europejskiego i Rady (UE) 2016\/679 z dnia 27 kwietnia 2016 r. w sprawie ochrony os\u00f3b fizycznych w zwi\u0105zku z przetwarzaniem danych osobowych i w sprawie swobodnego przep\u0142ywu takich danych oraz uchylenia dyrektywy 95\/46\/WE (og\u00f3lne rozporz\u0105dzenie o ochronie danych osobowych) (dz. Urz. UE L 119 z 04.05.2016r., str. 1), zwanego \u201eRODO\u201d oraz na otrzymywanie od Szko\u0142y P\u0142ywania Delfinki na Fali, kt\u00f3rej w\u0142a\u015bcicielem jest\u00a0 Europejskie Centrum Rozwoju i Rehabilitacji Sp. z o.o, ul. Drobiarska 56<\/p><p>05-070 Sulej\u00f3wek, NIP: 8222412931, REGON: 540316647, informacji handlowych drog\u0105 elektroniczn\u0105 zgodnie z ustaw\u0105 z dnia 18.07.2002 r. (Dz.U. nr 144, poz.1204 z p\u00f3\u017an. zm.) o \u015bwiadczeniu us\u0142ug drog\u0105 elektroniczn\u0105.<\/p><\/div>\n\t\t\t\t<\/div>\n\t\t\t\t<\/div>\n\t\t\t\t\t\t<\/div>\n\t\t\t<\/div>\n\t\t<\/div>\n\t\t\t\t\t\t<\/div>\n\t\t\t<\/div>\n\t\t<\/section>\n\t\t\t\t\t\t<\/div>\n\t\t\t<\/div>\n\t\t<\/div>\n\t\t","protected":false},"excerpt":{"rendered":"<p>1. POSTANOWIENIA OG\u00d3LNE 1.1 Organizatorem Szko\u0142y P\u0142ywania \u201cDelfinki na Fali\u201d, zwanej dalej Szko\u0142\u0105 P\u0142ywania, jest Europejskie Centrum Rozwoju i Rehabilitacji&nbsp;[&hellip;]<\/p>\n","protected":false},"author":1,"featured_media":0,"parent":0,"menu_order":0,"comment_status":"closed","ping_status":"closed","template":"page-templates\/template_fullwidth.php","meta":{"ngg_post_thumbnail":0,"footnotes":""},"_links":{"self":[{"href":"https:\/\/delfinkinafali.pl\/index.php\/wp-json\/wp\/v2\/pages\/52"}],"collection":[{"href":"https:\/\/delfinkinafali.pl\/index.php\/wp-json\/wp\/v2\/pages"}],"about":[{"href":"https:\/\/delfinkinafali.pl\/index.php\/wp-json\/wp\/v2\/types\/page"}],"author":[{"embeddable":true,"href":"https:\/\/delfinkinafali.pl\/index.php\/wp-json\/wp\/v2\/users\/1"}],"replies":[{"embeddable":true,"href":"https:\/\/delfinkinafali.pl\/index.php\/wp-json\/wp\/v2\/comments?post=52"}],"version-history":[{"count":28,"href":"https:\/\/delfinkinafali.pl\/index.php\/wp-json\/wp\/v2\/pages\/52\/revisions"}],"predecessor-version":[{"id":1281,"href":"https:\/\/delfinkinafali.pl\/index.php\/wp-json\/wp\/v2\/pages\/52\/revisions\/1281"}],"wp:attachment":[{"href":"https:\/\/delfinkinafali.pl\/index.php\/wp-json\/wp\/v2\/media?parent=52"}],"curies":[{"name":"wp","href":"https:\/\/api.w.org\/{rel}","templated":true}]}}