{"id":49,"date":"2019-03-05T18:33:46","date_gmt":"2019-03-05T17:33:46","guid":{"rendered":"http:\/\/www.dcm.pl\/delfinkinafali\/wordpress\/?page_id=49"},"modified":"2026-04-28T14:40:40","modified_gmt":"2026-04-28T12:40:40","slug":"cennik","status":"publish","type":"page","link":"https:\/\/delfinkinafali.pl\/index.php\/cennik\/","title":{"rendered":"CENNIK"},"content":{"rendered":"\t\t<div data-elementor-type=\"wp-page\" data-elementor-id=\"49\" class=\"elementor elementor-49\" data-elementor-settings=\"[]\">\n\t\t\t<div class=\"elementor-inner\">\n\t\t\t\t<div class=\"elementor-section-wrap\">\n\t\t\t\t\t\t\t<section class=\"elementor-element elementor-element-48b50c4c elementor-section-boxed elementor-section-height-default elementor-section-height-default elementor-section elementor-top-section\" data-id=\"48b50c4c\" data-element_type=\"section\">\n\t\t\t\t\t\t<div class=\"elementor-container elementor-column-gap-default\">\n\t\t\t\t<div class=\"elementor-row\">\n\t\t\t\t<div class=\"elementor-element elementor-element-7dea0c92 elementor-column elementor-col-100 elementor-top-column\" data-id=\"7dea0c92\" data-element_type=\"column\">\n\t\t\t<div class=\"elementor-column-wrap  elementor-element-populated\">\n\t\t\t\t\t<div class=\"elementor-widget-wrap\">\n\t\t\t\t<div class=\"elementor-element elementor-element-c115dcf elementor-widget elementor-widget-text-editor\" data-id=\"c115dcf\" data-element_type=\"widget\" data-widget_type=\"text-editor.default\">\n\t\t\t\t<div class=\"elementor-widget-container\">\n\t\t\t\t\t<div class=\"elementor-text-editor elementor-clearfix\"><p><!-- wp:advgb\/table {\"changed\":true} --><\/p>\n<p>\u00a0<\/p>\n<table>\n<tbody>\n<tr>\n<td style=\"text-align: center; background-color: #8ed1fc; color: #ffffff; border-width: 1px; border-color: #d8d8d8;\" data-border-color=\"#d8d8d8\"><strong>Zaj\u0119cia<\/strong><\/td>\n<td style=\"text-align: center; background-color: #8ed1fc; color: #ffffff; border-width: 1px; border-color: #d8d8d8;\" data-border-color=\"#d8d8d8\"><strong>Cena<\/strong><\/td>\n<\/tr>\n<tr>\n<td style=\"text-align: center; background-color: #eeeeee; border-width: 1px; border-color: #d8d8d8;\" colspan=\"2\" data-border-color=\"#d8d8d8\"><strong> Nauka p\u0142ywania zaj\u0119cia grupowe (czas trwania zaj\u0119\u0107: 45 min, do 8 os\u00f3b w grupie)<\/strong><\/td>\n<\/tr>\n<tr>\n<td style=\"background-color: #f6f6f6; border-width: 1px; border-color: #d8d8d8;\" data-border-color=\"#d8d8d8\">a) op\u0142ata miesi\u0119czna w karnecie<\/td>\n<td style=\"text-align: center; background-color: #f6f6f6; border-width: 1px; border-color: #d8d8d8;\" data-border-color=\"#d8d8d8\">75 z\u0142 x ilo\u015b\u0107 zaj\u0119\u0107 w miesi\u0105cu<\/td>\n<\/tr>\n<tr>\n<td style=\"background-color: #f6f6f6; border-width: 1px; border-color: #d8d8d8;\" data-border-color=\"#d8d8d8\">b) pojedyncze wej\u015bcie<\/td>\n<td style=\"text-align: center; background-color: #f6f6f6; border-width: 1px; border-color: #d8d8d8;\" data-border-color=\"#d8d8d8\">90 z\u0142<\/td>\n<\/tr>\n<tr>\n<td style=\"text-align: center; background-color: #eeeeee; border-width: 1px; border-color: #d8d8d8;\" colspan=\"2\" data-border-color=\"#d8d8d8\"><strong> Nauka p\u0142ywania zaj\u0119cia grupowe (czas trwania zaj\u0119\u0107: 30 min, do 8 os\u00f3b w grupie)<\/strong><\/td>\n<\/tr>\n<tr>\n<td style=\"background-color: #f6f6f6; border-width: 1px; border-color: #d8d8d8;\" data-border-color=\"#d8d8d8\">a) op\u0142ata miesi\u0119czna w karnecie<\/td>\n<td style=\"text-align: center; background-color: #f6f6f6; border-width: 1px; border-color: #d8d8d8;\" data-border-color=\"#d8d8d8\">55 z\u0142 x ilo\u015b\u0107 zaj\u0119\u0107 w miesi\u0105cu<\/td>\n<\/tr>\n<tr>\n<td style=\"background-color: #f6f6f6; border-width: 1px; border-color: #d8d8d8;\" data-border-color=\"#d8d8d8\">b) pojedyncze wej\u015bcie<\/td>\n<td style=\"text-align: center; background-color: #f6f6f6; border-width: 1px; border-color: #d8d8d8;\" data-border-color=\"#d8d8d8\">75 z\u0142<\/td>\n<\/tr>\n<tr>\n<td style=\"text-align: center; background-color: #eeeeee; border-width: 1px; border-color: #d8d8d8;\" colspan=\"2\" data-border-color=\"#d8d8d8\"><strong>Lekcje indywidualne (czas trwania zaj\u0119\u0107 30\/45 min)<\/strong><\/td>\n<\/tr>\n<tr>\n<td style=\"background-color: #f6f6f6; border-width: 1px; border-color: #d8d8d8;\" data-border-color=\"#d8d8d8\">a) jedno dziecko<\/td>\n<td style=\"text-align: center; background-color: #f6f6f6; border-width: 1px; border-color: #d8d8d8;\" data-border-color=\"#d8d8d8\">\n<p>119\/175 z\u0142 w karnecie<\/p>\n<p>lub 139\/205 z\u0142 pojedyncze wej\u015bcie bez karnetu<\/p>\n<\/td>\n<\/tr>\n<tr>\n<td style=\"background-color: #f6f6f6; border-width: 1px; border-color: #d8d8d8;\" data-border-color=\"#d8d8d8\">b) dwoje dzieci<\/td>\n<td style=\"text-align: center; background-color: #f6f6f6; border-width: 1px; border-color: #d8d8d8;\" data-border-color=\"#d8d8d8\">\n<p>180\/270 z\u0142 w karnecie<\/p>\n<p>lub 220\/330 z\u0142 pojedyncze wej\u015bcie<\/p>\n<\/td>\n<\/tr>\n<tr>\n<td style=\"background-color: #f6f6f6; border-width: 1px; border-color: #d8d8d8;\" data-border-color=\"#d8d8d8\">c) troje dzieci<\/td>\n<td style=\"text-align: center; background-color: #f6f6f6; border-width: 1px; border-color: #d8d8d8;\" data-border-color=\"#d8d8d8\">\n<p>225\/336 z\u0142 w karnecie<\/p>\n<p>lub 260\/390 z\u0142 pojedyncze wej\u015bcie<\/p>\n<\/td>\n<\/tr>\n<tr>\n<td style=\"background-color: #f6f6f6; border-width: 1px; border-color: #d8d8d8;\" data-border-color=\"#d8d8d8\">d) lekcje indywidualne rodzic + dziecko<\/td>\n<td style=\"text-align: center; background-color: #f6f6f6; border-width: 1px; border-color: #d8d8d8;\" data-border-color=\"#d8d8d8\">139 z\u0142<\/td>\n<\/tr>\n<tr>\n<td style=\"background-color: #eeeeee; border-width: 1px; text-align: center; border-color: #d8d8d8;\" colspan=\"2\" data-border-color=\"#d8d8d8\"><strong>AQUATERAPIA (30 min)<\/strong><\/td>\n<\/tr>\n<tr>\n<td style=\"background-color: #f6f6f6; border-width: 1px; border-color: #d8d8d8;\" data-border-color=\"#d8d8d8\">\u00a0a) nauka p\u0142ywania metod\u0105 Halliwick (dla dzieci m.in. z\u00a0 trudno\u015bciami ruchowymi, sensorycznymi, autyzmem)<\/td>\n<td style=\"text-align: center; background-color: #f6f6f6; border-width: 1px; border-color: #d8d8d8;\" data-border-color=\"#d8d8d8\">130 z\u0142\u00a0<\/td>\n<\/tr>\n<tr>\n<td style=\"border-width: 1px; background-color: #f6f6f6; border-color: #d8d8d8;\" data-border-color=\"#d8d8d8\">\u00a0b) rehabilitacja w wodzie<\/td>\n<td style=\"text-align: center; background-color: #f6f6f6; border-width: 1px; border-color: #d8d8d8;\" data-border-color=\"#d8d8d8\">140 z\u0142\u00a0<\/td>\n<\/tr>\n<tr>\n<td style=\"text-align: center; background-color: #eeeeee; border-width: 1px; border-color: #d8d8d8;\" colspan=\"2\" data-border-color=\"#d8d8d8\"><strong>Wej\u015bcia rekreacyjne (pobyt w wodzie: 60 min)<\/strong><\/td>\n<\/tr>\n<tr>\n<td style=\"background-color: #f6f6f6; border-width: 1px; border-color: #d8d8d8;\" data-border-color=\"#d8d8d8\">a) wej\u015bcie osoby doros\u0142ej<\/td>\n<td style=\"text-align: center; background-color: #f6f6f6; border-width: 1px; border-color: #d8d8d8;\" data-border-color=\"#d8d8d8\">20 z\u0142<\/td>\n<\/tr>\n<tr>\n<td style=\"background-color: #f6f6f6; border-width: 1px; border-color: #d8d8d8;\" data-border-color=\"#d8d8d8\">b) wej\u015bcie dziecka<\/td>\n<td style=\"text-align: center; background-color: #f6f6f6; border-width: 1px; border-color: #d8d8d8;\" data-border-color=\"#d8d8d8\">16 z\u0142<\/td>\n<\/tr>\n<tr>\n<td style=\"background-color: #f6f6f6; border-width: 1px; border-color: #d8d8d8;\" data-border-color=\"#d8d8d8\">c) dop\u0142ata za kolejne dziecko do biletu rodzinnego<\/td>\n<td style=\"text-align: center; background-color: #f6f6f6; border-width: 1px; border-color: #d8d8d8;\" data-border-color=\"#d8d8d8\">12 z\u0142<\/td>\n<\/tr>\n<tr>\n<td style=\"text-align: center; background-color: #f6f6f6; border-width: 1px; border-color: #d8d8d8;\" colspan=\"2\" data-border-color=\"#d8d8d8\">\n<p>Ka\u017cda kolejna rozpocz\u0119ta godzina skutkuje naliczeniem dodatkowej op\u0142aty zgodnie z obowi\u0105zuj\u0105cym cennikiem.<br \/><span style=\"color: red;\">Wej\u015bcia rekreacyjne odbywaj\u0105 si\u0119 od poniedzia\u0142ku do pi\u0105tku,<br \/><strong>po wcze\u015bniejszym ustaleniu telefonicznym.<\/strong><\/span><br \/>Pobyt w wodzie mo\u017cliwy jest w godzinach 8:00 &#8211; 14:00<\/p>\n<\/td>\n<\/tr>\n<\/tbody>\n<\/table>\n<p><!-- \/wp:advgb\/table --><\/p><\/div>\n\t\t\t\t<\/div>\n\t\t\t\t<\/div>\n\t\t\t\t\t\t<\/div>\n\t\t\t<\/div>\n\t\t<\/div>\n\t\t\t\t\t\t<\/div>\n\t\t\t<\/div>\n\t\t<\/section>\n\t\t\t\t\t\t<\/div>\n\t\t\t<\/div>\n\t\t<\/div>\n\t\t","protected":false},"excerpt":{"rendered":"","protected":false},"author":1,"featured_media":0,"parent":0,"menu_order":0,"comment_status":"closed","ping_status":"closed","template":"page-templates\/template_fullwidth.php","meta":{"ngg_post_thumbnail":0,"footnotes":""},"_links":{"self":[{"href":"https:\/\/delfinkinafali.pl\/index.php\/wp-json\/wp\/v2\/pages\/49"}],"collection":[{"href":"https:\/\/delfinkinafali.pl\/index.php\/wp-json\/wp\/v2\/pages"}],"about":[{"href":"https:\/\/delfinkinafali.pl\/index.php\/wp-json\/wp\/v2\/types\/page"}],"author":[{"embeddable":true,"href":"https:\/\/delfinkinafali.pl\/index.php\/wp-json\/wp\/v2\/users\/1"}],"replies":[{"embeddable":true,"href":"https:\/\/delfinkinafali.pl\/index.php\/wp-json\/wp\/v2\/comments?post=49"}],"version-history":[{"count":61,"href":"https:\/\/delfinkinafali.pl\/index.php\/wp-json\/wp\/v2\/pages\/49\/revisions"}],"predecessor-version":[{"id":1499,"href":"https:\/\/delfinkinafali.pl\/index.php\/wp-json\/wp\/v2\/pages\/49\/revisions\/1499"}],"wp:attachment":[{"href":"https:\/\/delfinkinafali.pl\/index.php\/wp-json\/wp\/v2\/media?parent=49"}],"curies":[{"name":"wp","href":"https:\/\/api.w.org\/{rel}","templated":true}]}}